{"id":2169,"date":"2014-05-27T09:05:50","date_gmt":"2014-05-27T09:05:50","guid":{"rendered":"http:\/\/themes.pixel8es.com\/electrify\/?page_id=2169"},"modified":"2023-10-30T12:48:15","modified_gmt":"2023-10-30T17:48:15","slug":"skin-creative-2","status":"publish","type":"page","link":"https:\/\/extrusionestecnicas.com\/perfiles\/","title":{"rendered":"Inicio"},"content":{"rendered":"<div class=\"wpb_row vc_row-fluid vc_custom_1401173668250 dark normal\"><div class=\"bg-pos-rel\"><div class=\"pix-con clearfix\">\n\t\t<div class=\"pix-container\">\n\t<div class=\"vc_col-sm-12 wpb_column vc_column_container\">\n\t\t<div class=\"wpb_wrapper\">\n\t\t\t<div class=\"vc_empty_space\"  style=\"height: 130px\" ><span class=\"vc_empty_space_inner\"><\/span><\/div>\n\n<div class=\"wpb_row vc_row-fluid dark normal\"><div class=\"bg-pos-rel\"><div class=\"pix-con clearfix\">\n\t\t<div class=\"pix-container\">\n\t<div class=\"vc_col-sm-12 wpb_column vc_column_container\">\n\t\t<div class=\"wpb_wrapper\">\n\t\t\t<div class=\"vc_custom_heading wpb_content_element\" ><h2 style=\"font-size: 50px;color: #00923f;text-align: center;font-family:Raleway;font-weight:700;font-style:normal\">SOMOS EXTRUSIONES T\u00c9CNICAS<\/h2><\/div>\n\t<div class=\"wpb_text_column wpb_content_element \">\n\t\t<div class=\"wpb_wrapper\">\n\t\t\t<h2 style=\"text-align: center;\"><span style=\"color: #000000;\">Elaboramos perfiles pl\u00e1sticos especializados<\/span><br \/>\n<span style=\"color: #000000;\"> para la industria en general<\/span><\/h2>\n\n\t\t<\/div> \n\t<\/div> <div class=\"pix_button button-center\"><a href=\"#nosotros\" title=\"\"  class=\"clear btn btn-solid  btn-md color\">Conoce m\u00e1s...<\/a><\/div>\n\t\t<\/div> \n\t<\/div> \n\n\t<\/div><\/div><\/div><\/div><div class=\"vc_empty_space\"  style=\"height: 300px\" ><span class=\"vc_empty_space_inner\"><\/span><\/div>\n\n\n\t\t<\/div> \n\t<\/div> \n\n\t<\/div><\/div><\/div><\/div><div class=\"wpb_row vc_row-fluid creativebg-pos vc_custom_1401192231675 dark full-width\"><div class=\"bg-pos-rel\"><div class=\"pix-con clearfix\"><div class=\"pix-container\">\n\t<div class=\"vc_col-sm-12 wpb_column vc_column_container\">\n\t\t<div class=\"wpb_wrapper\">\n\t\t\t\n\t\t<\/div> \n\t<\/div> \n<\/div><\/div><\/div><\/div><div id=\"nosotros\" class=\"wpb_row vc_row-fluid vc_custom_1418109039163 dark full-width\"><div class=\"bg-pos-rel\"><div class=\"pix-con clearfix\"><div class=\"pix-container\">\n\t<div class=\"vc_col-sm-12 wpb_column vc_column_container\">\n\t\t<div class=\"wpb_wrapper\">\n\t\t\t<div class=\" size-sm alignCenter clearfix \"><h2 class=\"main-title title box-title size-sm alignCenter line-style1\"   style=\"margin: 0 0 15px 0; font-size: 35px; \"><span>QUI\u00c9NES SOMOS<\/span><\/h2><\/div><div class=\"spacer\" style=\"height: 70px\"><\/div><div class=\"wpb_row vc_row-fluid dark normal\"><div class=\"bg-pos-rel\"><div class=\"pix-con clearfix\">\n\t\t<div class=\"pix-container\">\n\t<div class=\"vc_col-sm-4 wpb_column vc_column_container\">\n\t\t<div class=\"wpb_wrapper\">\n\t\t\t<div class=\"pix_icon_box  icon_hover center \"  ><div class=\"icon100 double-square color\"><span class=\"hover-gradient\"><\/span><span class=\"icon pixicon-fontawesome-webfont-255\"><\/span><\/div><div class=\"icon-box-content  \"><h2 class=\"title\" style=\"font-size:21px\">PRESENTACI\u00d3N<\/h2><p class=\"content\"><\/p>\n<div style=\"width: 400px;\" class=\"wp-video\"><!--[if lt IE 9]><script>document.createElement('video');<\/script><![endif]-->\n<video class=\"wp-video-shortcode\" id=\"video-2169-1\" width=\"400\" height=\"300\" preload=\"metadata\" controls=\"controls\"><source type=\"video\/mp4\" src=\"https:\/\/extrusionestecnicas.com\/perfiles\/wp-content\/uploads\/2022\/08\/institucional_etl-tvusb-1.mp4?_=1\" \/><source type=\"video\/x-flv\" src=\"http:\/\/extrusionestecnicas.com\/perfiles\/wp-content\/uploads\/2014\/12\/institucional_etl.flv?_=1\" \/><a href=\"https:\/\/extrusionestecnicas.com\/perfiles\/wp-content\/uploads\/2022\/08\/institucional_etl-tvusb-1.mp4\">https:\/\/extrusionestecnicas.com\/perfiles\/wp-content\/uploads\/2022\/08\/institucional_etl-tvusb-1.mp4<\/a><\/video><\/div>\n<p><\/p><\/div><\/div>\n\t<div class=\"wpb_text_column wpb_content_element \">\n\t\t<div class=\"wpb_wrapper\">\n\t\t\t\n\t\t<\/div> \n\t<\/div> \n\t\t<\/div> \n\t<\/div> \n\n\t<div class=\"vc_col-sm-4 wpb_column vc_column_container\">\n\t\t<div class=\"wpb_wrapper\">\n\t\t\t<div class=\"pix_icon_box  icon_hover center \"  ><div class=\"icon100 double-square color\"><span class=\"hover-gradient\"><\/span><span class=\"icon pixicon-eleganticons-176\"><\/span><\/div><div class=\"icon-box-content  \"><h2 class=\"title\" style=\"font-size:21px\">POL\u00cdTICA DE CALIDAD<\/h2><p class=\"content\"><\/p>\n<p style=\"text-align: justify;\">Extrusiones T\u00e9cnicas Ltda. es una Empresa especializada en la fabricaci\u00f3n de perfiles pl\u00e1sticos por extrusi\u00f3n, comprometida en satisfacer las expectativas del cliente en el cumplimiento de las especificaciones T\u00e9cnicas requeridas por el producto y la entrega oportuna de estos; con asesor\u00eda al cliente en el desarrollo y selecci\u00f3n de los materiales, con una infraestructura apropiada, apoyados en nuestro continuo mejoramiento del Sistema de Calidad mediante la optimizaci\u00f3n de los procesos de fabricaci\u00f3n y desarrollo de talento humano.<\/p>\n<p><\/p><\/div><\/div>\n\t\t<\/div> \n\t<\/div> \n\n\t<div class=\"vc_col-sm-4 wpb_column vc_column_container\">\n\t\t<div class=\"wpb_wrapper\">\n\t\t\t<div class=\"pix_icon_box  icon_hover center \"  ><div class=\"icon100 double-square color\"><span class=\"hover-gradient\"><\/span><span class=\"icon pixicon-torsos-all\"><\/span><\/div><div class=\"icon-box-content  \"><h2 class=\"title\" style=\"font-size:21px\">MISI\u00d3N<\/h2><p class=\"content\"><\/p>\n<p style=\"text-align: justify;\">Elaborar perfiles pl\u00e1sticos especializados para la industria en general aplicando el principio de la excelencia total y cubriendo una necesidad requerida en las empresas que no encuentran en el mercado nacional quien pueda suplir sus requerimientos en este campo por la tecnolog\u00eda que requiere el perfil o los bajos vol\u00famenes que necesitan, lo cual hemos logrado a trav\u00e9s de muchos a\u00f1os de experiencia atendiendo este tipo de clientes como lo son las ensambladoras, la industria de muebles, persianas, bater\u00edas y cubrimiento para instalaciones de gas.<br \/>\nNuestro compromiso es fabricar perfiles pl\u00e1sticos cumpliendo las exigencias del cliente en tecnolog\u00eda y cumplimiento.<\/p>\n<p><\/p><\/div><\/div>\n\t\t<\/div> \n\t<\/div> \n\n\t<\/div><\/div><\/div><\/div>\n\t\t<\/div> \n\t<\/div> \n<\/div><\/div><\/div><\/div><div class=\"wpb_row vc_row-fluid creativebg-pos vc_custom_1401192250267 dark full-width\"><div class=\"bg-pos-rel\"><div class=\"pix-con clearfix\"><div class=\"pix-container\">\n\t<div class=\"vc_col-sm-12 wpb_column vc_column_container\">\n\t\t<div class=\"wpb_wrapper\">\n\t\t\t\n\t\t<\/div> \n\t<\/div> \n<\/div><\/div><\/div><\/div><div id=\"productos\" class=\"wpb_row vc_row-fluid vc_custom_1418109056342 dark expandable\"><div class=\"bg-pos-rel\"><div class=\"pix-con clearfix\">\n\t<div class=\"vc_col-sm-12 wpb_column vc_column_container\">\n\t\t<div class=\"wpb_wrapper\">\n\t\t\t<div class=\" size-sm alignCenter clearfix \"><h2 class=\"main-title title box-title size-sm alignCenter line-style1\"   style=\"margin: 0 0 15px 0; font-size: 35px; \"><span>NUESTROS PRODUCTOS<\/span><\/h2><\/div><div class=\"spacer\" style=\"height: 70px\"><\/div><div class=\"no-portfolio-carousel grid\"><div class=\"sorter normal\"><ul id=\"filters\" class=\"option-set normal clearfix\" >\n\t\t\t\t\t\t\t\t\t <li><a href=\"#\" class=\"selected\" data-filter=\"*\">All<\/a><\/li><li><a href=\"#\" data-filter=\".automotriz\">Automotriz<\/a><\/li><li><a href=\"#\" data-filter=\".canaleta-gas\">Canaleta Gas<\/a><\/li><li><a href=\"#\" data-filter=\".cenefa-gas\">Cenefa Gas<\/a><\/li><li><a href=\"#\" data-filter=\".cielo-rasos\">Cielo Rasos<\/a><\/li><li><a href=\"#\" data-filter=\".gas\">Gas<\/a><\/li><li><a href=\"#\" data-filter=\".moldura-gas\">Moldura Gas<\/a><\/li><li><a href=\"#\" data-filter=\".muebles-y-persianas\">Muebles y Persianas<\/a><\/li><li><a href=\"#\" data-filter=\".tubos,-varillas-y-mangueras\">Tubos, Varillas y Mangueras<\/a><\/li><li><a href=\"#\" data-filter=\".varios\">Varios<\/a><\/li><\/ul>  \n\t\t\t\t\t\t\t<\/div><div class=\"wpb_row vc_row-fluid\"><div class=\"portfolio-contents\"><div class=\"vc_col-sm-3 pix-portfolio-item element style6 canaleta-gas  gas \" data-id=\"id-1\"><div class=\"portfolio-container\"><div class=\"portfolio-img\">\n\t\t\t\t\t\t\t\t\t<img src='https:\/\/extrusionestecnicas.com\/perfiles\/wp-content\/uploads\/2014\/12\/01-480x320.jpg' alt=''>\n\t\t\t\t\t\t\t\t<\/div><div class=\"portfolio-hover\"><div class=\"portfolio-link\"><div class=\"portfolio-content\"><h2 class=\"title\"><a href=\"https:\/\/extrusionestecnicas.com\/perfiles\/portfolio\/canaleta-gas\/\" class=\"portfolio-link\">Canaleta Gas<\/a><\/h2><\/div><\/div><div class=\"portfolio-icons\"><div class=\"center-wrap\"><div class=\"port-icon-hover\"><a href=\"https:\/\/extrusionestecnicas.com\/perfiles\/portfolio\/canaleta-gas\/\" class=\"portfolio-icon\"><i class=\"pixicon-eleganticons-3\"><\/i><\/a><\/div><\/div><\/div><\/div><\/div><\/div><div class=\"vc_col-sm-3 pix-portfolio-item element style6 cenefa-gas  gas \" data-id=\"id-2\"><div class=\"portfolio-container\"><div class=\"portfolio-img\">\n\t\t\t\t\t\t\t\t\t<img src='https:\/\/extrusionestecnicas.com\/perfiles\/wp-content\/uploads\/2014\/12\/09-480x320.jpg' alt=''>\n\t\t\t\t\t\t\t\t<\/div><div class=\"portfolio-hover\"><div class=\"portfolio-link\"><div class=\"portfolio-content\"><h2 class=\"title\"><a href=\"https:\/\/extrusionestecnicas.com\/perfiles\/portfolio\/cenefa-gas\/\" class=\"portfolio-link\">Cenefa Gas<\/a><\/h2><\/div><\/div><div class=\"portfolio-icons\"><div class=\"center-wrap\"><div class=\"port-icon-hover\"><a href=\"https:\/\/extrusionestecnicas.com\/perfiles\/portfolio\/cenefa-gas\/\" class=\"portfolio-icon\"><i class=\"pixicon-eleganticons-3\"><\/i><\/a><\/div><\/div><\/div><\/div><\/div><\/div><div class=\"vc_col-sm-3 pix-portfolio-item element style6 gas  moldura-gas \" data-id=\"id-3\"><div class=\"portfolio-container\"><div class=\"portfolio-img\">\n\t\t\t\t\t\t\t\t\t<img src='https:\/\/extrusionestecnicas.com\/perfiles\/wp-content\/uploads\/2014\/12\/11-480x320.jpg' alt=''>\n\t\t\t\t\t\t\t\t<\/div><div class=\"portfolio-hover\"><div class=\"portfolio-link\"><div class=\"portfolio-content\"><h2 class=\"title\"><a href=\"https:\/\/extrusionestecnicas.com\/perfiles\/portfolio\/moldura-gas\/\" class=\"portfolio-link\">Moldura Gas<\/a><\/h2><\/div><\/div><div class=\"portfolio-icons\"><div class=\"center-wrap\"><div class=\"port-icon-hover\"><a href=\"https:\/\/extrusionestecnicas.com\/perfiles\/portfolio\/moldura-gas\/\" class=\"portfolio-icon\"><i class=\"pixicon-eleganticons-3\"><\/i><\/a><\/div><\/div><\/div><\/div><\/div><\/div><div class=\"vc_col-sm-3 pix-portfolio-item element style6 automotriz \" data-id=\"id-4\"><div class=\"portfolio-container\"><div class=\"portfolio-img\">\n\t\t\t\t\t\t\t\t\t<img src='https:\/\/extrusionestecnicas.com\/perfiles\/wp-content\/uploads\/2014\/12\/18-480x320.jpg' alt=''>\n\t\t\t\t\t\t\t\t<\/div><div class=\"portfolio-hover\"><div class=\"portfolio-link\"><div class=\"portfolio-content\"><h2 class=\"title\"><a href=\"https:\/\/extrusionestecnicas.com\/perfiles\/portfolio\/automotriz\/\" class=\"portfolio-link\">Automotriz<\/a><\/h2><\/div><\/div><div class=\"portfolio-icons\"><div class=\"center-wrap\"><div class=\"port-icon-hover\"><a href=\"https:\/\/extrusionestecnicas.com\/perfiles\/portfolio\/automotriz\/\" class=\"portfolio-icon\"><i class=\"pixicon-eleganticons-3\"><\/i><\/a><\/div><\/div><\/div><\/div><\/div><\/div><div class=\"vc_col-sm-3 pix-portfolio-item element style6 muebles-y-persianas \" data-id=\"id-5\"><div class=\"portfolio-container\"><div class=\"portfolio-img\">\n\t\t\t\t\t\t\t\t\t<img src='https:\/\/extrusionestecnicas.com\/perfiles\/wp-content\/uploads\/2014\/12\/24-480x320.jpg' alt=''>\n\t\t\t\t\t\t\t\t<\/div><div class=\"portfolio-hover\"><div class=\"portfolio-link\"><div class=\"portfolio-content\"><h2 class=\"title\"><a href=\"https:\/\/extrusionestecnicas.com\/perfiles\/portfolio\/muebles-y-persianas\/\" class=\"portfolio-link\">Muebles y Persianas<\/a><\/h2><\/div><\/div><div class=\"portfolio-icons\"><div class=\"center-wrap\"><div class=\"port-icon-hover\"><a href=\"https:\/\/extrusionestecnicas.com\/perfiles\/portfolio\/muebles-y-persianas\/\" class=\"portfolio-icon\"><i class=\"pixicon-eleganticons-3\"><\/i><\/a><\/div><\/div><\/div><\/div><\/div><\/div><div class=\"vc_col-sm-3 pix-portfolio-item element style6 tubos,-varillas-y-mangueras \" data-id=\"id-6\"><div class=\"portfolio-container\"><div class=\"portfolio-img\">\n\t\t\t\t\t\t\t\t\t<img src='https:\/\/extrusionestecnicas.com\/perfiles\/wp-content\/uploads\/2014\/12\/30-480x320.jpg' alt=''>\n\t\t\t\t\t\t\t\t<\/div><div class=\"portfolio-hover\"><div class=\"portfolio-link\"><div class=\"portfolio-content\"><h2 class=\"title\"><a href=\"https:\/\/extrusionestecnicas.com\/perfiles\/portfolio\/tubos-varillas-y-mangueras\/\" class=\"portfolio-link\">Tubos. Varillas y Mangueras<\/a><\/h2><\/div><\/div><div class=\"portfolio-icons\"><div class=\"center-wrap\"><div class=\"port-icon-hover\"><a href=\"https:\/\/extrusionestecnicas.com\/perfiles\/portfolio\/tubos-varillas-y-mangueras\/\" class=\"portfolio-icon\"><i class=\"pixicon-eleganticons-3\"><\/i><\/a><\/div><\/div><\/div><\/div><\/div><\/div><div class=\"vc_col-sm-3 pix-portfolio-item element style6 varios \" data-id=\"id-7\"><div class=\"portfolio-container\"><div class=\"portfolio-img\">\n\t\t\t\t\t\t\t\t\t<img src='https:\/\/extrusionestecnicas.com\/perfiles\/wp-content\/uploads\/2014\/12\/35-480x320.jpg' alt=''>\n\t\t\t\t\t\t\t\t<\/div><div class=\"portfolio-hover\"><div class=\"portfolio-link\"><div class=\"portfolio-content\"><h2 class=\"title\"><a href=\"https:\/\/extrusionestecnicas.com\/perfiles\/portfolio\/varios\/\" class=\"portfolio-link\">Varios<\/a><\/h2><\/div><\/div><div class=\"portfolio-icons\"><div class=\"center-wrap\"><div class=\"port-icon-hover\"><a href=\"https:\/\/extrusionestecnicas.com\/perfiles\/portfolio\/varios\/\" class=\"portfolio-icon\"><i class=\"pixicon-eleganticons-3\"><\/i><\/a><\/div><\/div><\/div><\/div><\/div><\/div><div class=\"vc_col-sm-3 pix-portfolio-item element style6 cielo-rasos \" data-id=\"id-8\"><div class=\"portfolio-container\"><div class=\"portfolio-img\">\n\t\t\t\t\t\t\t\t\t<img src='https:\/\/extrusionestecnicas.com\/perfiles\/wp-content\/uploads\/2014\/12\/41-480x320.jpg' alt=''>\n\t\t\t\t\t\t\t\t<\/div><div class=\"portfolio-hover\"><div class=\"portfolio-link\"><div class=\"portfolio-content\"><h2 class=\"title\"><a href=\"https:\/\/extrusionestecnicas.com\/perfiles\/portfolio\/cielo-rasos\/\" class=\"portfolio-link\">Cielo Rasos<\/a><\/h2><\/div><\/div><div class=\"portfolio-icons\"><div class=\"center-wrap\"><div class=\"port-icon-hover\"><a href=\"https:\/\/extrusionestecnicas.com\/perfiles\/portfolio\/cielo-rasos\/\" class=\"portfolio-icon\"><i class=\"pixicon-eleganticons-3\"><\/i><\/a><\/div><\/div><\/div><\/div><\/div><\/div><\/div><\/div><\/div><div class=\"spacer\" style=\"height: 60px\"><\/div>\n\t\t<\/div> \n\t<\/div> \n<\/div><\/div><\/div><div class=\"wpb_row vc_row-fluid creativebg-pos vc_custom_1418111653962 dark full-width\"><div class=\"bg-pos-rel\"><div class=\"pix-con clearfix\"><div class=\"pix-container\">\n\t<div class=\"vc_col-sm-12 wpb_column vc_column_container\">\n\t\t<div class=\"wpb_wrapper\">\n\t\t\t\n\t\t<\/div> \n\t<\/div> \n<\/div><\/div><\/div><\/div><div class=\"wpb_row vc_row-fluid vc_custom_1418112824601 light full-width\"><div class=\"bg-pos-rel\"><div class=\"pix-con clearfix\"><div class=\"pix-container\">\n\t<div class=\"vc_col-sm-12 wpb_column vc_column_container\">\n\t\t<div class=\"wpb_wrapper\">\n\t\t\t<div class=\" size-sm alignCenter clearfix \"><h2 class=\"main-title title box-title size-sm alignCenter line-style1\"   style=\"margin: 0 0 15px 0; font-size: 35px; \"><span>NUESTRAS REDES SOCIALES<\/span><\/h2><\/div><div class=\"spacer\" style=\"height: 20px\"><\/div><div class=\"full-width-icon style3\"><div class=\"social-icons\"><a href=\"#\" target=\"_blank\" title=\"Facebook\" class=\"facebook\"><i class=\"pixicon-facebook\"><\/i><\/a><a href=\"#\" target=\"_blank\" title=\"Twitter\" class=\"twitter\"><i class=\"pixicon-twitter\"><\/i><\/a><a href=\"#\" target=\"_blank\" title=\"Gplus\" class=\"google-plus\"><i class=\"pixicon-fontawesome-webfont-145\"><\/i><\/a><a href=\"#\" target=\"_blank\" title=\"linkedin\" class=\"linkedin\"><i class=\"pixicon-linkedin\"><\/i><\/a><\/div><\/div>\n\t\t<\/div> \n\t<\/div> \n<\/div><\/div><\/div><\/div><div class=\"wpb_row vc_row-fluid creativebg-pos vc_custom_1401775629573 dark full-width\"><div class=\"bg-pos-rel\"><div class=\"pix-con clearfix\"><div class=\"pix-container\">\n\t<div class=\"vc_col-sm-12 wpb_column vc_column_container\">\n\t\t<div class=\"wpb_wrapper\">\n\t\t\t\n\t\t<\/div> \n\t<\/div> \n<\/div><\/div><\/div><\/div>\n","protected":false},"excerpt":{"rendered":"Cielo Rasos","protected":false},"author":1,"featured_media":0,"parent":0,"menu_order":0,"comment_status":"open","ping_status":"closed","template":"","meta":[],"_links":{"self":[{"href":"https:\/\/extrusionestecnicas.com\/perfiles\/wp-json\/wp\/v2\/pages\/2169"}],"collection":[{"href":"https:\/\/extrusionestecnicas.com\/perfiles\/wp-json\/wp\/v2\/pages"}],"about":[{"href":"https:\/\/extrusionestecnicas.com\/perfiles\/wp-json\/wp\/v2\/types\/page"}],"author":[{"embeddable":true,"href":"https:\/\/extrusionestecnicas.com\/perfiles\/wp-json\/wp\/v2\/users\/1"}],"replies":[{"embeddable":true,"href":"https:\/\/extrusionestecnicas.com\/perfiles\/wp-json\/wp\/v2\/comments?post=2169"}],"version-history":[{"count":28,"href":"https:\/\/extrusionestecnicas.com\/perfiles\/wp-json\/wp\/v2\/pages\/2169\/revisions"}],"predecessor-version":[{"id":4457,"href":"https:\/\/extrusionestecnicas.com\/perfiles\/wp-json\/wp\/v2\/pages\/2169\/revisions\/4457"}],"wp:attachment":[{"href":"https:\/\/extrusionestecnicas.com\/perfiles\/wp-json\/wp\/v2\/media?parent=2169"}],"curies":[{"name":"wp","href":"https:\/\/api.w.org\/{rel}","templated":true}]}}